{"id":6,"date":"2020-08-30T13:00:50","date_gmt":"2020-08-30T13:00:50","guid":{"rendered":"https:\/\/haqhub.pl\/landing\/?page_id=6"},"modified":"2020-08-31T22:05:42","modified_gmt":"2020-08-31T22:05:42","slug":"landing-01","status":"publish","type":"page","link":"https:\/\/haqhub.pl\/landing\/","title":{"rendered":"landing_v01"},"content":{"rendered":"<p>[et_pb_section fb_built=&#8221;1&#8243; custom_padding_last_edited=&#8221;on|desktop&#8221; admin_label=&#8221;Coming soon Row&#8221; _builder_version=&#8221;4.6.0&#8243; background_color=&#8221;rgba(0,0,0,0.7)&#8221; use_background_color_gradient=&#8221;on&#8221; background_color_gradient_start=&#8221;rgba(0,0,0,0.3)&#8221; background_color_gradient_end=&#8221;rgba(255,255,255,0.3)&#8221; parallax=&#8221;on&#8221; parallax_method=&#8221;off&#8221; background_video_mp4=&#8221;https:\/\/haqhub.pl\/landing\/wp-content\/uploads\/sites\/2\/2020\/08\/Abstract-17460.mp4&#8243; custom_margin=&#8221;0px||||false|false&#8221; custom_padding_tablet=&#8221;50px|0|50px|0&#8243; custom_padding_phone=&#8221;&#8221; transparent_background=&#8221;off&#8221; padding_mobile=&#8221;off&#8221; make_fullwidth=&#8221;off&#8221; use_custom_width=&#8221;off&#8221; width_unit=&#8221;on&#8221; collapsed=&#8221;off&#8221;][et_pb_row padding_mobile=&#8221;off&#8221; column_padding_mobile=&#8221;on&#8221; admin_label=&#8221;row&#8221; _builder_version=&#8221;4.6.0&#8243; background_size=&#8221;initial&#8221; background_position=&#8221;top_left&#8221; background_repeat=&#8221;repeat&#8221; max_width=&#8221;760px&#8221; custom_margin=&#8221;||||false|false&#8221; make_fullwidth=&#8221;off&#8221; use_custom_width=&#8221;on&#8221; width_unit=&#8221;on&#8221; custom_width_px=&#8221;760px&#8221;][et_pb_column type=&#8221;4_4&#8243; _builder_version=&#8221;3.25&#8243; custom_padding=&#8221;|||&#8221; custom_padding__hover=&#8221;|||&#8221;][et_pb_image src=&#8221;https:\/\/haqhub.pl\/landing\/wp-content\/uploads\/sites\/2\/2020\/08\/Logo_haqHUB_250x185.png&#8221; align=&#8221;center&#8221; align_tablet=&#8221;center&#8221; align_phone=&#8221;&#8221; align_last_edited=&#8221;on|desktop&#8221; admin_label=&#8221;Image&#8221; _builder_version=&#8221;3.23&#8243; custom_margin=&#8221;5vw||0px|&#8221; animation_style=&#8221;fade&#8221; animation_duration=&#8221;500ms&#8221; animation=&#8221;fade_in&#8221; sticky=&#8221;off&#8221; use_border_color=&#8221;off&#8221; border_color=&#8221;#ffffff&#8221; border_style=&#8221;solid&#8221;][\/et_pb_image][et_pb_image src=&#8221;https:\/\/haqhub.pl\/landing\/wp-content\/uploads\/sites\/2\/2020\/08\/haqHUB_napis_white_1000x350.png&#8221; align_tablet=&#8221;center&#8221; align_phone=&#8221;&#8221; align_last_edited=&#8221;on|desktop&#8221; _builder_version=&#8221;3.23&#8243;][\/et_pb_image][et_pb_text admin_label=&#8221;Text&#8221; _builder_version=&#8221;4.6.0&#8243; text_font=&#8221;Roboto||||&#8221; text_text_color=&#8221;#d5d1cf&#8221; text_font_size=&#8221;36&#8243; text_line_height=&#8221;1.2em&#8221; header_font=&#8221;|700||||on|||&#8221; header_text_color=&#8221;#ffffff&#8221; header_font_size=&#8221;54px&#8221; header_2_text_color=&#8221;#ffffff&#8221; header_4_font=&#8221;Lato||||||||&#8221; header_4_text_align=&#8221;center&#8221; header_4_text_color=&#8221;#ffffff&#8221; header_4_font_size=&#8221;14px&#8221; header_4_letter_spacing=&#8221;1px&#8221; header_4_line_height=&#8221;1.1em&#8221; background_color=&#8221;rgba(0,0,0,0.7)&#8221; background_size=&#8221;initial&#8221; background_position=&#8221;top_left&#8221; background_repeat=&#8221;repeat&#8221; text_orientation=&#8221;center&#8221; module_alignment=&#8221;center&#8221; custom_margin=&#8221;||0px||false|false&#8221; custom_padding=&#8221;|2vw||2vw|false|true&#8221; text_font_size_tablet=&#8221;&#8221; text_font_size_phone=&#8221;&#8221; text_font_size_last_edited=&#8221;on|phone&#8221; header_font_size_tablet=&#8221;&#8221; header_font_size_phone=&#8221;35px&#8221; header_font_size_last_edited=&#8221;on|phone&#8221; border_radii=&#8221;on|35px|35px|35px|35px&#8221; border_width_all=&#8221;2px&#8221; border_color_all=&#8221;#7746fb&#8221; border_style_all=&#8221;dashed&#8221; border_width_top=&#8221;0px&#8221; border_width_bottom=&#8221;0px&#8221; border_width_all_tablet=&#8221;&#8221; border_width_all_phone=&#8221;0px&#8221; border_width_all_last_edited=&#8221;on|phone&#8221; border_width_top_tablet=&#8221;&#8221; border_width_top_phone=&#8221;&#8221; border_width_top_last_edited=&#8221;on|desktop&#8221; use_border_color=&#8221;off&#8221; border_color=&#8221;#ffffff&#8221; border_style=&#8221;solid&#8221;]<\/p>\n<h1> technologiczny partner przedsi\u0119biorc\u00f3w, artyst\u00f3w i rzemie\u015blnik\u00f3w.<\/h1>\n<h2>dedykowane micro\/ma\u0142ym\/\u015brednim przedsi\u0119biorcom rozwi\u0105zania technologiczne.<\/h2>\n<h4>Cloud Hosting z dost\u0119pem do Divi\/WordPress + Pakiety Bezpiecze\u0144stwa Zasob\u00f3w + Organiczny Marketing + Automatyzacja Proces\u00f3w + Lejki Sprzeda\u017cowe.<\/h4>\n<h4>Konsulting + Projekt + Wykonanie + Opieka Technologiczna<\/h4>\n<p>[\/et_pb_text][\/et_pb_column][\/et_pb_row][et_pb_row _builder_version=&#8221;4.6.0&#8243; background_color=&#8221;rgba(0,0,0,0.7)&#8221; custom_margin=&#8221;1vw||1vw||true|false&#8221; custom_padding=&#8221;1vw|2vw|1vw|2vw|true|true&#8221; border_radii=&#8221;on|35px|35px|35px|35px&#8221; border_width_all=&#8221;2px&#8221; border_color_all=&#8221;#773bff&#8221; border_style_all=&#8221;dashed&#8221; border_width_top=&#8221;0px&#8221; border_width_bottom=&#8221;0px&#8221; border_width_all_tablet=&#8221;&#8221; border_width_all_phone=&#8221;0px&#8221; border_width_all_last_edited=&#8221;on|phone&#8221; box_shadow_style=&#8221;preset2&#8243;][et_pb_column type=&#8221;4_4&#8243; _builder_version=&#8221;4.0.9&#8243;][et_pb_text _builder_version=&#8221;4.6.0&#8243; header_text_color=&#8221;#ffffff&#8221; header_2_font=&#8221;Lato|700||||on|||&#8221; header_2_text_align=&#8221;center&#8221; header_2_text_color=&#8221;#ffffff&#8221; header_2_font_size=&#8221;51px&#8221; header_2_letter_spacing=&#8221;3px&#8221; header_2_line_height=&#8221;1.4em&#8221; header_3_text_align=&#8221;center&#8221; header_3_text_color=&#8221;#ffffff&#8221; header_4_text_align=&#8221;center&#8221; header_4_text_color=&#8221;#ffffff&#8221; header_2_font_size_tablet=&#8221;&#8221; header_2_font_size_phone=&#8221;35px&#8221; header_2_font_size_last_edited=&#8221;on|phone&#8221;]<\/p>\n<h4>Potrzebujesz strony internetowej?<\/h4>\n<h4>Chcesz przenie\u015b\u0107 firm\u0119 online?<\/h4>\n<h4>Chcesz zbudowa\u0107 zdaln\u0105 firm\u0119 w sieci?<\/h4>\n<h2>Napisz do mnie ju\u017c dzi\u015b!<\/h2>\n<p>[\/et_pb_text][et_pb_contact_form email=&#8221;kontakt@haqhub.com&#8221; title=&#8221;UWAGA! Wszystkie pola formularza musz\u0105 by\u0107 wype\u0142nione. Nie zapomnij o captcha!&#8221; success_message=&#8221;Sukces! Wiadomo\u015b\u0107 zosta\u0142a wys\u0142ana pomy\u015blnie.&#8221; submit_button_text=&#8221;Wy\u015blij wiadomo\u015b\u0107&#8221; _builder_version=&#8221;4.6.0&#8243; form_field_background_color=&#8221;rgba(0,0,0,0.41)&#8221; form_field_text_color=&#8221;#ffffff&#8221; form_field_focus_background_color=&#8221;rgba(119,59,255,0.2)&#8221; title_text_align=&#8221;center&#8221; title_text_color=&#8221;#ffffff&#8221; title_font_size=&#8221;14px&#8221; captcha_text_color=&#8221;#ffffff&#8221; form_field_letter_spacing=&#8221;1px&#8221; custom_button=&#8221;on&#8221; button_text_color=&#8221;#773bff&#8221; button_bg_color=&#8221;rgba(0,0,0,0)&#8221; button_border_color=&#8221;#773bff&#8221; button_border_radius=&#8221;8px&#8221; button_icon=&#8221;%%382%%&#8221; text_orientation=&#8221;left&#8221; hover_enabled=&#8221;0&#8243; button_text_color_tablet=&#8221;&#8221; button_text_color_phone=&#8221;#ffffff&#8221; button_text_color_last_edited=&#8221;on|phone&#8221; button_bg_color_tablet=&#8221;&#8221; button_bg_color_phone=&#8221;rgba(255,255,255,0.2)&#8221; button_bg_color_last_edited=&#8221;on|phone&#8221; button_bg_enable_color_phone=&#8221;on&#8221; border_radii=&#8221;on|15px|15px|15px|15px&#8221; border_width_all=&#8221;1px&#8221; border_color_all=&#8221;#773bff&#8221; button_bg_color__hover_enabled=&#8221;off|desktop&#8221; button_bg_color__hover=&#8221;#773bff&#8221; button_bg_enable_color__hover=&#8221;on&#8221; button_text_color__hover_enabled=&#8221;on|desktop&#8221; button_text_color__hover=&#8221;#ffffff&#8221; sticky_enabled=&#8221;0&#8243;][et_pb_contact_field field_id=&#8221;Kontakt_w_sprawie&#8221; field_title=&#8221;Wybierz jedn\u0105 z opcji poni\u017cej:&#8221; field_type=&#8221;radio&#8221; radio_options=&#8221;%91{%22value%22:%22Potrzebuje strony internetowej.%22,%22checked%22:0,%22dragID%22:-1,%22link_url%22:%22%22,%22link_text%22:%22%22},{%22value%22:%22Planuj\u0119 przenie\u015b\u0107 firm\u0119 online.%22,%22checked%22:0,%22dragID%22:0},{%22value%22:%22Planuj\u0119 zbudowa\u0107 firm\u0119 w sieci.%22,%22checked%22:0,%22dragID%22:1},{%22value%22:%22Mam inne pytanie&#8230;%22,%22checked%22:0,%22dragID%22:2}%93&#8243; fullwidth_field=&#8221;on&#8221; _builder_version=&#8221;4.6.0&#8243; form_field_focus_text_color=&#8221;#ffffff&#8221; text_orientation=&#8221;justified&#8221; custom_margin=&#8221;|||10vw|false|false&#8221; custom_margin_tablet=&#8221;&#8221; custom_margin_phone=&#8221;|||5vw|false|false&#8221; custom_margin_last_edited=&#8221;on|phone&#8221; custom_padding=&#8221;|||10vw|false|false&#8221; custom_padding_tablet=&#8221;&#8221; custom_padding_phone=&#8221;|||0vw|false|false&#8221; custom_padding_last_edited=&#8221;on|phone&#8221;][\/et_pb_contact_field][et_pb_contact_field field_id=&#8221;Email&#8221; field_title=&#8221;Tw\u00f3j Adres eMail&#8221; field_type=&#8221;email&#8221; _builder_version=&#8221;4.0.9&#8243; button_text_size__hover_enabled=&#8221;off&#8221; button_one_text_size__hover_enabled=&#8221;off&#8221; button_two_text_size__hover_enabled=&#8221;off&#8221; button_text_color__hover_enabled=&#8221;off&#8221; button_one_text_color__hover_enabled=&#8221;off&#8221; button_two_text_color__hover_enabled=&#8221;off&#8221; button_border_width__hover_enabled=&#8221;off&#8221; button_one_border_width__hover_enabled=&#8221;off&#8221; button_two_border_width__hover_enabled=&#8221;off&#8221; button_border_color__hover_enabled=&#8221;off&#8221; button_one_border_color__hover_enabled=&#8221;off&#8221; button_two_border_color__hover_enabled=&#8221;off&#8221; button_border_radius__hover_enabled=&#8221;off&#8221; button_one_border_radius__hover_enabled=&#8221;off&#8221; button_two_border_radius__hover_enabled=&#8221;off&#8221; button_letter_spacing__hover_enabled=&#8221;off&#8221; button_one_letter_spacing__hover_enabled=&#8221;off&#8221; button_two_letter_spacing__hover_enabled=&#8221;off&#8221; button_bg_color__hover_enabled=&#8221;off&#8221; button_one_bg_color__hover_enabled=&#8221;off&#8221; button_two_bg_color__hover_enabled=&#8221;off&#8221;][\/et_pb_contact_field][et_pb_contact_field field_id=&#8221;Name&#8221; field_title=&#8221;Twoje Imi\u0119&#8221; _builder_version=&#8221;4.0.9&#8243; button_text_size__hover_enabled=&#8221;off&#8221; button_one_text_size__hover_enabled=&#8221;off&#8221; button_two_text_size__hover_enabled=&#8221;off&#8221; button_text_color__hover_enabled=&#8221;off&#8221; button_one_text_color__hover_enabled=&#8221;off&#8221; button_two_text_color__hover_enabled=&#8221;off&#8221; button_border_width__hover_enabled=&#8221;off&#8221; button_one_border_width__hover_enabled=&#8221;off&#8221; button_two_border_width__hover_enabled=&#8221;off&#8221; button_border_color__hover_enabled=&#8221;off&#8221; button_one_border_color__hover_enabled=&#8221;off&#8221; button_two_border_color__hover_enabled=&#8221;off&#8221; button_border_radius__hover_enabled=&#8221;off&#8221; button_one_border_radius__hover_enabled=&#8221;off&#8221; button_two_border_radius__hover_enabled=&#8221;off&#8221; button_letter_spacing__hover_enabled=&#8221;off&#8221; button_one_letter_spacing__hover_enabled=&#8221;off&#8221; button_two_letter_spacing__hover_enabled=&#8221;off&#8221; button_bg_color__hover_enabled=&#8221;off&#8221; button_one_bg_color__hover_enabled=&#8221;off&#8221; button_two_bg_color__hover_enabled=&#8221;off&#8221;][\/et_pb_contact_field][et_pb_contact_field field_id=&#8221;Message&#8221; field_title=&#8221;Tre\u015b\u0107 Twojej wiadomo\u015bci&#8221; field_type=&#8221;text&#8221; fullwidth_field=&#8221;on&#8221; _builder_version=&#8221;4.0.9&#8243; text_orientation=&#8221;left&#8221; button_text_size__hover_enabled=&#8221;off&#8221; button_one_text_size__hover_enabled=&#8221;off&#8221; button_two_text_size__hover_enabled=&#8221;off&#8221; button_text_color__hover_enabled=&#8221;off&#8221; button_one_text_color__hover_enabled=&#8221;off&#8221; button_two_text_color__hover_enabled=&#8221;off&#8221; button_border_width__hover_enabled=&#8221;off&#8221; button_one_border_width__hover_enabled=&#8221;off&#8221; button_two_border_width__hover_enabled=&#8221;off&#8221; button_border_color__hover_enabled=&#8221;off&#8221; button_one_border_color__hover_enabled=&#8221;off&#8221; button_two_border_color__hover_enabled=&#8221;off&#8221; button_border_radius__hover_enabled=&#8221;off&#8221; button_one_border_radius__hover_enabled=&#8221;off&#8221; button_two_border_radius__hover_enabled=&#8221;off&#8221; button_letter_spacing__hover_enabled=&#8221;off&#8221; button_one_letter_spacing__hover_enabled=&#8221;off&#8221; button_two_letter_spacing__hover_enabled=&#8221;off&#8221; button_bg_color__hover_enabled=&#8221;off&#8221; button_one_bg_color__hover_enabled=&#8221;off&#8221; button_two_bg_color__hover_enabled=&#8221;off&#8221;][\/et_pb_contact_field][\/et_pb_contact_form][\/et_pb_column][\/et_pb_row][et_pb_row use_custom_gutter=&#8221;on&#8221; padding_mobile=&#8221;off&#8221; column_padding_mobile=&#8221;on&#8221; custom_padding_last_edited=&#8221;on|desktop&#8221; admin_label=&#8221;Row&#8221; _builder_version=&#8221;4.6.0&#8243; background_color=&#8221;rgba(0,0,0,0.7)&#8221; background_size=&#8221;initial&#8221; background_position=&#8221;top_left&#8221; background_repeat=&#8221;repeat&#8221; max_width=&#8221;860px&#8221; custom_padding=&#8221;5px||0px|&#8221; custom_padding_tablet=&#8221;&#8221; custom_padding_phone=&#8221;&#8221; border_radii=&#8221;on|35px|35px|35px|35px&#8221; border_width_all=&#8221;2px&#8221; border_color_all=&#8221;#7746fb&#8221; border_style_all=&#8221;dashed&#8221; border_width_top=&#8221;0px&#8221; border_width_bottom=&#8221;0px&#8221; make_fullwidth=&#8221;off&#8221; use_custom_width=&#8221;on&#8221; width_unit=&#8221;on&#8221; custom_width_px=&#8221;860px&#8221;][et_pb_column type=&#8221;4_4&#8243; _builder_version=&#8221;4.6.0&#8243; custom_padding=&#8221;|||&#8221; custom_padding__hover=&#8221;|||&#8221;][et_pb_signup provider=&#8221;mailerlite&#8221; mailerlite_list=&#8221;26654178&#8243; layout=&#8221;top_bottom&#8221; name_field=&#8221;on&#8221; name_fullwidth=&#8221;off&#8221; first_name_fullwidth=&#8221;off&#8221; last_name_fullwidth=&#8221;off&#8221; email_fullwidth=&#8221;off&#8221; use_custom_fields=&#8221;on&#8221; success_message=&#8221;Dzi\u0119kujemy za zainteresowanie haqHUB! Sprawd\u017a skrzynke odbiorcz\u0105 i potwierd\u017a subskrybcj\u0119!&#8221; title=&#8221;To dopiero pocz\u0105tek&#8230;.&#8221; button_text=&#8221;Potwierdzam&#8221; description=&#8221;<\/p>\n<h3>Chcesz wiedzie\u0107 wi\u0119cej o zarz\u0105dzaniu zdaln\u0105 firm\u0105 w sieci?<\/h3>\n<p>Zostaw aktualne dane kontaktowe w poni\u017cszym formularzu oraz<br \/> potwierd\u017a  klikaj\u0105c w link, w wiadomo\u015bci, kt\u00f3r\u0105 otrzymasz na podany poni\u017cej adres<\/p>\n<h2>Chc\u0119 wiedzie\u0107 wiecej&#8230;<\/h2>\n<p>&#8221; button_text_tablet=&#8221;Potwierdzam&#8221; button_text_phone=&#8221;Potwierdzam &#8221; button_text_last_edited=&#8221;on|desktop&#8221; _builder_version=&#8221;4.6.0&#8243; form_field_background_color=&#8221;rgba(228,228,228,0.15)&#8221; form_field_text_color=&#8221;#ffffff&#8221; form_field_focus_background_color=&#8221;rgba(119,59,255,0.6)&#8221; header_font=&#8221;|||||on|||&#8221; header_text_align=&#8221;center&#8221; header_text_color=&#8221;#773bff&#8221; body_font=&#8221;||||||||&#8221; form_field_font=&#8221;Lato||||||||&#8221; form_field_font_size=&#8221;16px&#8221; background_color=&#8221;rgba(255,255,255,0)&#8221; use_focus_border_color=&#8221;on&#8221; custom_button=&#8221;on&#8221; button_text_size=&#8221;25px&#8221; button_text_color=&#8221;#773bff&#8221; button_border_width=&#8221;1px&#8221; button_border_color=&#8221;#773bff&#8221; button_border_radius=&#8221;5px&#8221; button_letter_spacing=&#8221;2px&#8221; button_font=&#8221;Lato|700||||on|||&#8221; button_use_icon=&#8221;off&#8221; button_custom_margin=&#8221;||||false|false&#8221; button_custom_padding=&#8221;||||false|false&#8221; button_custom_padding_tablet=&#8221;&#8221; button_custom_padding_phone=&#8221;||||false|false&#8221; button_custom_padding_last_edited=&#8221;on|phone&#8221; text_orientation=&#8221;center&#8221; custom_margin=&#8221;||||false|false&#8221; button_text_color_tablet=&#8221;&#8221; button_text_color_phone=&#8221;#ffffff&#8221; button_text_color_last_edited=&#8221;on|phone&#8221; button_bg_color_tablet=&#8221;&#8221; button_bg_color_phone=&#8221;rgba(255,255,255,0.2)&#8221; button_bg_color_last_edited=&#8221;on|phone&#8221; button_bg_enable_color_phone=&#8221;on&#8221; custom_css_newsletter_button=&#8221;display: inline-block;||padding: 1rem 2rem;||margin: 0;||width: 35rem;&#8221; border_radii=&#8221;on|5px|5px|5px|5px&#8221; border_color_all=&#8221;#ffffff&#8221; border_radii_fields=&#8221;on|5px|5px|5px|5px&#8221; border_width_all_fields_focus=&#8221;1px&#8221; border_color_all_fields_focus=&#8221;#ffffff&#8221; focus_background_color=&#8221;rgba(119,59,255,0.6)&#8221; button_bg_color__hover_enabled=&#8221;off&#8221; button_bg_color__hover=&#8221;rgba(119,59,255,0.6)&#8221; button_text_color__hover_enabled=&#8221;off|desktop&#8221; button_text_color__hover=&#8221;#ffffff&#8221; border_color_all__hover_enabled=&#8221;on&#8221; button_border_color__hover_enabled=&#8221;on&#8221; button_border_color__hover=&#8221;#ffffff&#8221; custom_css_newsletter_button_last_edited=&#8221;on|phone&#8221; custom_css_newsletter_button_phone=&#8221;display: ruby;||&#8221;][et_pb_signup_custom_field field_id=&#8221;Field_1&#8243; field_type=&#8221;checkbox&#8221; checkbox_options=&#8221;%91{%22value%22:%22Wyra\u017cam zgod\u0119 na otrzymywanie widomo\u015bci od haqHUB.%22,%22checked%22:0,%22dragID%22:-1},{%22value%22:%22Przyczyta\u0142em i zgadzam si\u0119 z %22,%22checked%22:0,%22dragID%22:0,%22link_url%22:%22https:\/\/haqhub.pl\/polityka-i-cookies\/%22,%22link_text%22:%22Polityk\u0105 Prywatno\u015bci &#038; Cookies.%22}%93&#8243; _builder_version=&#8221;3.23.1&#8243; form_field_font=&#8221;Lato||on||||||&#8221; form_field_text_align=&#8221;left&#8221; form_field_font_size=&#8221;16px&#8221; text_orientation=&#8221;left&#8221;][\/et_pb_signup_custom_field][\/et_pb_signup][\/et_pb_column][\/et_pb_row][et_pb_row admin_label=&#8221;Footer credits&#8221; module_class=&#8221; et_pb_row_fullwidth&#8221; _builder_version=&#8221;4.6.0&#8243; background_image=&#8221;https:\/\/haqhub.pl\/landing\/wp-content\/uploads\/sites\/2\/2020\/08\/code_v1.png&#8221; background_size=&#8221;initial&#8221; background_position=&#8221;center_right&#8221; width=&#8221;89%&#8221; width_tablet=&#8221;80%&#8221; width_phone=&#8221;&#8221; width_last_edited=&#8221;on|desktop&#8221; max_width=&#8221;89%&#8221; max_width_tablet=&#8221;80%&#8221; max_width_phone=&#8221;&#8221; max_width_last_edited=&#8221;on|desktop&#8221; custom_margin=&#8221;||0px&#8221; custom_padding=&#8221;||0px&#8221; background_last_edited=&#8221;on|desktop&#8221; background_enable_color_phone=&#8221;off&#8221; background_enable_image_tablet=&#8221;off&#8221; background_enable_image_phone=&#8221;off&#8221; background_blend_phone=&#8221;normal&#8221; make_fullwidth=&#8221;on&#8221;][et_pb_column type=&#8221;4_4&#8243; _builder_version=&#8221;3.25&#8243; custom_padding=&#8221;|||&#8221; custom_padding__hover=&#8221;|||&#8221;][et_pb_divider color=&#8221;#ffffff&#8221; divider_position=&#8221;center&#8221; _builder_version=&#8221;3.22&#8243; width=&#8221;50%&#8221; module_alignment=&#8221;center&#8221; custom_margin=&#8221;||5px|||&#8221;][\/et_pb_divider][et_pb_social_media_follow _builder_version=&#8221;3.23.1&#8243; text_orientation=&#8221;center&#8221; custom_margin=&#8221;10px||10px||true|&#8221; custom_css_after=&#8221;padding-bottom: 0;||margin-bottom: 0;&#8221; border_radii=&#8221;on|60px|60px|60px|60px&#8221;][et_pb_social_media_follow_network social_network=&#8221;facebook&#8221; url=&#8221;https:\/\/www.facebook.com\/haqHUB\/&#8221; _builder_version=&#8221;3.23.1&#8243; background_color=&#8221;rgba(255,255,255,0.14)&#8221; custom_margin=&#8221;|4px||4px||true&#8221; custom_padding=&#8221;8px|8px|8px|8px|true|true&#8221; follow_button=&#8221;off&#8221; url_new_window=&#8221;on&#8221;]facebook[\/et_pb_social_media_follow_network][et_pb_social_media_follow_network social_network=&#8221;twitter&#8221; url=&#8221;https:\/\/twitter.com\/haqHUB&#8221; _builder_version=&#8221;3.23.1&#8243; background_color=&#8221;rgba(255,255,255,0.14)&#8221; custom_margin=&#8221;|4px||4px||true&#8221; custom_padding=&#8221;8px|8px|8px|8px|true|true&#8221; follow_button=&#8221;off&#8221; url_new_window=&#8221;on&#8221;]twitter[\/et_pb_social_media_follow_network][et_pb_social_media_follow_network social_network=&#8221;instagram&#8221; url=&#8221;https:\/\/www.instagram.com\/haqhub\/&#8221; _builder_version=&#8221;3.23.1&#8243; background_color=&#8221;rgba(255,255,255,0.14)&#8221; custom_margin=&#8221;|4px||4px||true&#8221; custom_padding=&#8221;8px|8px|8px|8px|true|true&#8221; follow_button=&#8221;off&#8221; url_new_window=&#8221;on&#8221;]instagram[\/et_pb_social_media_follow_network][\/et_pb_social_media_follow][et_pb_divider color=&#8221;#ffffff&#8221; divider_position=&#8221;center&#8221; _builder_version=&#8221;3.22&#8243; width=&#8221;50%&#8221; module_alignment=&#8221;center&#8221; custom_margin=&#8221;||5px|||&#8221;][\/et_pb_divider][et_pb_text _builder_version=&#8221;4.0.9&#8243; text_font=&#8221;Lato|300|||||||&#8221; text_text_color=&#8221;#bbbbbb&#8221; text_font_size=&#8221;12px&#8221; text_line_height=&#8221;1.2em&#8221; header_font=&#8221;Lato||||||||&#8221; header_3_font=&#8221;Lato||||||||&#8221; header_3_text_color=&#8221;#ffffff&#8221; header_4_font=&#8221;Lato||||||||&#8221; header_4_text_color=&#8221;#ffffff&#8221; header_4_font_size=&#8221;12px&#8221; header_4_letter_spacing=&#8221;2px&#8221; text_orientation=&#8221;center&#8221;][ HandCrafted by <strong><a href=\"https:\/\/haqHUB.pl\/\"><span style=\"color: #773bff;\">@haqHUB<\/span><\/span><\/a> <\/strong>]<\/p>\n<p><a href=\"https:\/\/haqhub.pl\/polityka-i-cookies\/\">Polityka prywatno\u015bci &amp; Cookies<\/a>[\/et_pb_text][\/et_pb_column][\/et_pb_row][\/et_pb_section]<\/p>\n","protected":false},"excerpt":{"rendered":"<p>technologiczny partner przedsi\u0119biorc\u00f3w, artyst\u00f3w i rzemie\u015blnik\u00f3w. dedykowane micro\/ma\u0142ym\/\u015brednim przedsi\u0119biorcom rozwi\u0105zania technologiczne. Cloud Hosting z dost\u0119pem do Divi\/WordPress + Pakiety Bezpiecze\u0144stwa Zasob\u00f3w + Organiczny Marketing + Automatyzacja Proces\u00f3w + Lejki Sprzeda\u017cowe. Konsulting + Projekt + Wykonanie + Opieka TechnologicznaPotrzebujesz strony internetowej? Chcesz przenie\u015b\u0107 firm\u0119 online? Chcesz zbudowa\u0107 zdaln\u0105 firm\u0119 w sieci? Napisz do mnie ju\u017c dzi\u015b![ [&hellip;]<\/p>\n","protected":false},"author":1,"featured_media":0,"parent":0,"menu_order":0,"comment_status":"closed","ping_status":"closed","template":"","meta":{"_et_pb_use_builder":"on","_et_pb_old_content":"","_et_gb_content_width":"","footnotes":""},"class_list":["post-6","page","type-page","status-publish","hentry"],"_links":{"self":[{"href":"https:\/\/haqhub.pl\/landing\/wp-json\/wp\/v2\/pages\/6","targetHints":{"allow":["GET"]}}],"collection":[{"href":"https:\/\/haqhub.pl\/landing\/wp-json\/wp\/v2\/pages"}],"about":[{"href":"https:\/\/haqhub.pl\/landing\/wp-json\/wp\/v2\/types\/page"}],"author":[{"embeddable":true,"href":"https:\/\/haqhub.pl\/landing\/wp-json\/wp\/v2\/users\/1"}],"replies":[{"embeddable":true,"href":"https:\/\/haqhub.pl\/landing\/wp-json\/wp\/v2\/comments?post=6"}],"version-history":[{"count":0,"href":"https:\/\/haqhub.pl\/landing\/wp-json\/wp\/v2\/pages\/6\/revisions"}],"wp:attachment":[{"href":"https:\/\/haqhub.pl\/landing\/wp-json\/wp\/v2\/media?parent=6"}],"curies":[{"name":"wp","href":"https:\/\/api.w.org\/{rel}","templated":true}]}}